{"id":36930,"date":"2026-01-12T23:31:34","date_gmt":"2026-01-12T22:31:34","guid":{"rendered":"https:\/\/magdor.io\/product\/air-fryer-8l-360-cuisson-homogene-de-haut-en-bas-design-premium-cuisson-performante\/"},"modified":"2026-04-14T07:58:04","modified_gmt":"2026-04-14T06:58:04","slug":"air-fryer-8l-360-cuisson-homogene-de-haut-en-bas-design-premium-cuisson-performante","status":"publish","type":"product","link":"https:\/\/magdor.io\/ar\/product\/air-fryer-8l-360-cuisson-homogene-de-haut-en-bas-design-premium-cuisson-performante\/","title":{"rendered":"Air fryer 8L 360\u00b0 \u2013 Cuisson homog\u00e8ne de haut en bas | Design premium &#038; cuisson performante"},"content":{"rendered":"<p>Friteuse \u00e0 air 8L 360 degr\u00e9s au design moderne en acier inoxydable, dot\u00e9e d\u2019un panneau de commande digital et d\u2019une porte vitr\u00e9e pour surveiller la cuisson. Son syst\u00e8me de chauffe par le haut et le bas assure une cuisson homog\u00e8ne, rapide et efficace, id\u00e9ale pour un usage familial au quotidien.<br \/>\n\u0642\u0644\u0627\u064a\u0629 \u0647\u0648\u0627\u0626\u064a\u0629 \u0628\u0633\u0639\u0629 8 \u0644\u062a\u0631 360 \u062f\u0631\u062c\u0629 \u0628\u062a\u0635\u0645\u064a\u0645 \u0639\u0635\u0631\u064a \u0645\u0646 \u0627\u0644\u0641\u0648\u0644\u0627\u0630 \u0627\u0644\u0645\u0642\u0627\u0648\u0645 \u0644\u0644\u0635\u062f\u0623\u060c \u0645\u0632\u0648\u062f\u0629 \u0628\u0644\u0648\u062d\u0629 \u062a\u062d\u0643\u0645 \u0631\u0642\u0645\u064a\u0629 \u0648\u0628\u0627\u0628 \u0632\u062c\u0627\u062c\u064a \u0644\u0645\u0631\u0627\u0642\u0628\u0629 \u0639\u0645\u0644\u064a\u0629 \u0627\u0644\u0637\u0647\u064a. \u064a\u0639\u062a\u0645\u062f \u0646\u0638\u0627\u0645 \u0627\u0644\u0637\u0647\u064a \u0641\u064a\u0647\u0627 \u0639\u0644\u0649 \u0627\u0644\u062d\u0631\u0627\u0631\u0629 \u0645\u0646 \u0627\u0644\u0623\u0639\u0644\u0649 \u0648\u0627\u0644\u0623\u0633\u0641\u0644 \u0644\u0636\u0645\u0627\u0646 \u0637\u0628\u062e \u0645\u062a\u062c\u0627\u0646\u0633 \u0633\u0631\u064a\u0639 \u0648\u0641\u0639\u0651\u0627\u0644\u060c \u0645\u0645\u0627 \u064a\u062c\u0639\u0644\u0647\u0627 \u0645\u062b\u0627\u0644\u064a\u0629 \u0644\u0644\u0627\u0633\u062a\u0639\u0645\u0627\u0644 \u0627\u0644\u0639\u0627\u0626\u0644\u064a \u0627\u0644\u064a\u0648\u0645\u064a.<\/p>","protected":false},"excerpt":{"rendered":"<p>Friteuse \u00e0 air 8L 360 degr\u00e9s au design moderne en acier inoxydable, dot\u00e9e d\u2019un panneau de commande digital et d\u2019une<\/p>","protected":false},"featured_media":36929,"comment_status":"open","ping_status":"closed","template":"","meta":[],"product_brand":[464],"product_cat":[23],"product_tag":[],"class_list":{"0":"post-36930","1":"product","2":"type-product","3":"status-publish","4":"has-post-thumbnail","6":"product_brand-iboga-ma","7":"product_cat-accessories","9":"first","10":"outofstock","11":"sale","12":"shipping-taxable","13":"purchasable","14":"product-type-simple"},"yoast_head":"<!-- This site is optimized with the Yoast SEO plugin v26.8 - https:\/\/yoast.com\/product\/yoast-seo-wordpress\/ -->\n<title>Air fryer 8L 360\u00b0 \u2013 Cuisson homog\u00e8ne de haut en bas | Design premium &amp; cuisson performante - magdor.io<\/title>\n<meta name=\"robots\" content=\"index, follow, max-snippet:-1, max-image-preview:large, max-video-preview:-1\" \/>\n<link rel=\"canonical\" href=\"https:\/\/magdor.io\/ar\/product\/air-fryer-8l-360-cuisson-homogene-de-haut-en-bas-design-premium-cuisson-performante\/\" \/>\n<meta property=\"og:locale\" content=\"ar_AR\" \/>\n<meta property=\"og:type\" content=\"article\" \/>\n<meta property=\"og:title\" content=\"Air fryer 8L 360\u00b0 \u2013 Cuisson homog\u00e8ne de haut en bas | Design premium &amp; cuisson performante - magdor.io\" \/>\n<meta property=\"og:description\" content=\"Friteuse \u00e0 air 8L 360 degr\u00e9s au design moderne en acier inoxydable, dot\u00e9e d\u2019un panneau de commande digital et d\u2019une\" \/>\n<meta property=\"og:url\" content=\"https:\/\/magdor.io\/ar\/product\/air-fryer-8l-360-cuisson-homogene-de-haut-en-bas-design-premium-cuisson-performante\/\" \/>\n<meta property=\"og:site_name\" content=\"magdor.io\" \/>\n<meta property=\"article:modified_time\" content=\"2026-04-14T06:58:04+00:00\" \/>\n<meta property=\"og:image\" content=\"https:\/\/magdor.io\/wp-content\/uploads\/2026\/01\/air-fryer-8l-360-cuisson-homogene-de-haut-en-bas-design-premium-.jpg\" \/>\n\t<meta property=\"og:image:width\" content=\"800\" \/>\n\t<meta property=\"og:image:height\" content=\"800\" \/>\n\t<meta property=\"og:image:type\" content=\"image\/jpeg\" \/>\n<meta name=\"twitter:card\" content=\"summary_large_image\" \/>\n<meta name=\"twitter:label1\" content=\"\u0627\u0644\u0633\u0639\u0631\" \/>\n\t<meta name=\"twitter:data1\" content=\"1399&nbsp;\u062f.\u0645\" \/>\n\t<meta name=\"twitter:label2\" content=\"\u0627\u0644\u062a\u0648\u0641\u0631\" \/>\n\t<meta name=\"twitter:data2\" content=\"\u0646\u0641\u0630 \u0627\u0644\u0645\u062e\u0632\u0648\u0646\" \/>\n<script type=\"application\/ld+json\" class=\"yoast-schema-graph\">{\"@context\":\"https:\/\/schema.org\",\"@graph\":[{\"@type\":\"WebPage\",\"@id\":\"https:\/\/magdor.io\/product\/air-fryer-8l-360-cuisson-homogene-de-haut-en-bas-design-premium-cuisson-performante\/\",\"url\":\"https:\/\/magdor.io\/product\/air-fryer-8l-360-cuisson-homogene-de-haut-en-bas-design-premium-cuisson-performante\/\",\"name\":\"Air fryer 8L 360\u00b0 \u2013 Cuisson homog\u00e8ne de haut en bas | Design premium & cuisson performante - magdor.io\",\"isPartOf\":{\"@id\":\"https:\/\/magdor.io\/#website\"},\"primaryImageOfPage\":{\"@id\":\"https:\/\/magdor.io\/product\/air-fryer-8l-360-cuisson-homogene-de-haut-en-bas-design-premium-cuisson-performante\/#primaryimage\"},\"image\":{\"@id\":\"https:\/\/magdor.io\/product\/air-fryer-8l-360-cuisson-homogene-de-haut-en-bas-design-premium-cuisson-performante\/#primaryimage\"},\"thumbnailUrl\":\"https:\/\/magdor.io\/wp-content\/uploads\/2026\/01\/air-fryer-8l-360-cuisson-homogene-de-haut-en-bas-design-premium-.jpg\",\"datePublished\":\"2026-01-12T22:31:34+00:00\",\"dateModified\":\"2026-04-14T06:58:04+00:00\",\"breadcrumb\":{\"@id\":\"https:\/\/magdor.io\/product\/air-fryer-8l-360-cuisson-homogene-de-haut-en-bas-design-premium-cuisson-performante\/#breadcrumb\"},\"inLanguage\":\"ar\",\"potentialAction\":[{\"@type\":\"ReadAction\",\"target\":[\"https:\/\/magdor.io\/product\/air-fryer-8l-360-cuisson-homogene-de-haut-en-bas-design-premium-cuisson-performante\/\"]}]},{\"@type\":\"ImageObject\",\"inLanguage\":\"ar\",\"@id\":\"https:\/\/magdor.io\/product\/air-fryer-8l-360-cuisson-homogene-de-haut-en-bas-design-premium-cuisson-performante\/#primaryimage\",\"url\":\"https:\/\/magdor.io\/wp-content\/uploads\/2026\/01\/air-fryer-8l-360-cuisson-homogene-de-haut-en-bas-design-premium-.jpg\",\"contentUrl\":\"https:\/\/magdor.io\/wp-content\/uploads\/2026\/01\/air-fryer-8l-360-cuisson-homogene-de-haut-en-bas-design-premium-.jpg\",\"width\":800,\"height\":800,\"caption\":\"Air fryer 8L 360\u00b0 \u2013 Cuisson homog\u00e8ne de haut en bas | Design premium & cuisson performante\"},{\"@type\":\"BreadcrumbList\",\"@id\":\"https:\/\/magdor.io\/product\/air-fryer-8l-360-cuisson-homogene-de-haut-en-bas-design-premium-cuisson-performante\/#breadcrumb\",\"itemListElement\":[{\"@type\":\"ListItem\",\"position\":1,\"name\":\"Home\",\"item\":\"https:\/\/magdor.io\/\"},{\"@type\":\"ListItem\",\"position\":2,\"name\":\"Shop\",\"item\":\"https:\/\/magdor.io\/shop\/\"},{\"@type\":\"ListItem\",\"position\":3,\"name\":\"Air fryer 8L 360\u00b0 \u2013 Cuisson homog\u00e8ne de haut en bas | Design premium &#038; cuisson performante\"}]},{\"@type\":\"WebSite\",\"@id\":\"https:\/\/magdor.io\/#website\",\"url\":\"https:\/\/magdor.io\/\",\"name\":\"magdor.io\",\"description\":\"\",\"potentialAction\":[{\"@type\":\"SearchAction\",\"target\":{\"@type\":\"EntryPoint\",\"urlTemplate\":\"https:\/\/magdor.io\/?s={search_term_string}\"},\"query-input\":{\"@type\":\"PropertyValueSpecification\",\"valueRequired\":true,\"valueName\":\"search_term_string\"}}],\"inLanguage\":\"ar\"}]}<\/script>\n<meta property=\"product:brand\" content=\"iboga.ma\" \/>\n<meta property=\"product:price:amount\" content=\"1399\" \/>\n<meta property=\"product:price:currency\" content=\"MAD\" \/>\n<meta property=\"og:availability\" content=\"out of stock\" \/>\n<meta property=\"product:availability\" content=\"out of stock\" \/>\n<meta property=\"product:retailer_item_id\" content=\"51960\" \/>\n<meta property=\"product:condition\" content=\"new\" \/>\n<!-- \/ Yoast SEO plugin. -->","yoast_head_json":{"title":"Air fryer 8L 360\u00b0 \u2013 Cuisson homog\u00e8ne de haut en bas | Design premium & cuisson performante - magdor.io","robots":{"index":"index","follow":"follow","max-snippet":"max-snippet:-1","max-image-preview":"max-image-preview:large","max-video-preview":"max-video-preview:-1"},"canonical":"https:\/\/magdor.io\/ar\/product\/air-fryer-8l-360-cuisson-homogene-de-haut-en-bas-design-premium-cuisson-performante\/","og_locale":"ar_AR","og_type":"article","og_title":"Air fryer 8L 360\u00b0 \u2013 Cuisson homog\u00e8ne de haut en bas | Design premium & cuisson performante - magdor.io","og_description":"Friteuse \u00e0 air 8L 360 degr\u00e9s au design moderne en acier inoxydable, dot\u00e9e d\u2019un panneau de commande digital et d\u2019une","og_url":"https:\/\/magdor.io\/ar\/product\/air-fryer-8l-360-cuisson-homogene-de-haut-en-bas-design-premium-cuisson-performante\/","og_site_name":"magdor.io","article_modified_time":"2026-04-14T06:58:04+00:00","og_image":[{"width":800,"height":800,"url":"https:\/\/magdor.io\/wp-content\/uploads\/2026\/01\/air-fryer-8l-360-cuisson-homogene-de-haut-en-bas-design-premium-.jpg","type":"image\/jpeg"}],"twitter_card":"summary_large_image","twitter_misc":{"\u0627\u0644\u0633\u0639\u0631":"1399&nbsp;\u062f.\u0645","\u0627\u0644\u062a\u0648\u0641\u0631":"\u0646\u0641\u0630 \u0627\u0644\u0645\u062e\u0632\u0648\u0646"},"schema":{"@context":"https:\/\/schema.org","@graph":[{"@type":"WebPage","@id":"https:\/\/magdor.io\/product\/air-fryer-8l-360-cuisson-homogene-de-haut-en-bas-design-premium-cuisson-performante\/","url":"https:\/\/magdor.io\/product\/air-fryer-8l-360-cuisson-homogene-de-haut-en-bas-design-premium-cuisson-performante\/","name":"Air fryer 8L 360\u00b0 \u2013 Cuisson homog\u00e8ne de haut en bas | Design premium & cuisson performante - magdor.io","isPartOf":{"@id":"https:\/\/magdor.io\/#website"},"primaryImageOfPage":{"@id":"https:\/\/magdor.io\/product\/air-fryer-8l-360-cuisson-homogene-de-haut-en-bas-design-premium-cuisson-performante\/#primaryimage"},"image":{"@id":"https:\/\/magdor.io\/product\/air-fryer-8l-360-cuisson-homogene-de-haut-en-bas-design-premium-cuisson-performante\/#primaryimage"},"thumbnailUrl":"https:\/\/magdor.io\/wp-content\/uploads\/2026\/01\/air-fryer-8l-360-cuisson-homogene-de-haut-en-bas-design-premium-.jpg","datePublished":"2026-01-12T22:31:34+00:00","dateModified":"2026-04-14T06:58:04+00:00","breadcrumb":{"@id":"https:\/\/magdor.io\/product\/air-fryer-8l-360-cuisson-homogene-de-haut-en-bas-design-premium-cuisson-performante\/#breadcrumb"},"inLanguage":"ar","potentialAction":[{"@type":"ReadAction","target":["https:\/\/magdor.io\/product\/air-fryer-8l-360-cuisson-homogene-de-haut-en-bas-design-premium-cuisson-performante\/"]}]},{"@type":"ImageObject","inLanguage":"ar","@id":"https:\/\/magdor.io\/product\/air-fryer-8l-360-cuisson-homogene-de-haut-en-bas-design-premium-cuisson-performante\/#primaryimage","url":"https:\/\/magdor.io\/wp-content\/uploads\/2026\/01\/air-fryer-8l-360-cuisson-homogene-de-haut-en-bas-design-premium-.jpg","contentUrl":"https:\/\/magdor.io\/wp-content\/uploads\/2026\/01\/air-fryer-8l-360-cuisson-homogene-de-haut-en-bas-design-premium-.jpg","width":800,"height":800,"caption":"Air fryer 8L 360\u00b0 \u2013 Cuisson homog\u00e8ne de haut en bas | Design premium & cuisson performante"},{"@type":"BreadcrumbList","@id":"https:\/\/magdor.io\/product\/air-fryer-8l-360-cuisson-homogene-de-haut-en-bas-design-premium-cuisson-performante\/#breadcrumb","itemListElement":[{"@type":"ListItem","position":1,"name":"Home","item":"https:\/\/magdor.io\/"},{"@type":"ListItem","position":2,"name":"Shop","item":"https:\/\/magdor.io\/shop\/"},{"@type":"ListItem","position":3,"name":"Air fryer 8L 360\u00b0 \u2013 Cuisson homog\u00e8ne de haut en bas | Design premium &#038; cuisson performante"}]},{"@type":"WebSite","@id":"https:\/\/magdor.io\/#website","url":"https:\/\/magdor.io\/","name":"magdor.io","description":"","potentialAction":[{"@type":"SearchAction","target":{"@type":"EntryPoint","urlTemplate":"https:\/\/magdor.io\/?s={search_term_string}"},"query-input":{"@type":"PropertyValueSpecification","valueRequired":true,"valueName":"search_term_string"}}],"inLanguage":"ar"}]},"product_brand":"iboga.ma","product_price_amount":"1399","product_price_currency":"MAD","og_availability":"out of stock","product_availability":"out of stock","product_retailer_item_id":"51960","product_condition":"new"},"jetpack_sharing_enabled":true,"_links":{"self":[{"href":"https:\/\/magdor.io\/ar\/wp-json\/wp\/v2\/product\/36930","targetHints":{"allow":["GET"]}}],"collection":[{"href":"https:\/\/magdor.io\/ar\/wp-json\/wp\/v2\/product"}],"about":[{"href":"https:\/\/magdor.io\/ar\/wp-json\/wp\/v2\/types\/product"}],"replies":[{"embeddable":true,"href":"https:\/\/magdor.io\/ar\/wp-json\/wp\/v2\/comments?post=36930"}],"version-history":[{"count":0,"href":"https:\/\/magdor.io\/ar\/wp-json\/wp\/v2\/product\/36930\/revisions"}],"wp:featuredmedia":[{"embeddable":true,"href":"https:\/\/magdor.io\/ar\/wp-json\/wp\/v2\/media\/36929"}],"wp:attachment":[{"href":"https:\/\/magdor.io\/ar\/wp-json\/wp\/v2\/media?parent=36930"}],"wp:term":[{"taxonomy":"product_brand","embeddable":true,"href":"https:\/\/magdor.io\/ar\/wp-json\/wp\/v2\/product_brand?post=36930"},{"taxonomy":"product_cat","embeddable":true,"href":"https:\/\/magdor.io\/ar\/wp-json\/wp\/v2\/product_cat?post=36930"},{"taxonomy":"product_tag","embeddable":true,"href":"https:\/\/magdor.io\/ar\/wp-json\/wp\/v2\/product_tag?post=36930"}],"curies":[{"name":"wp","href":"https:\/\/api.w.org\/{rel}","templated":true}]}}